{"id":3,"date":"2023-08-24T20:40:29","date_gmt":"2023-08-24T20:40:29","guid":{"rendered":"https:\/\/www.ho-omaha.re\/?page_id=3"},"modified":"2025-10-23T15:24:53","modified_gmt":"2025-10-23T15:24:53","slug":"privacy-policy","status":"publish","type":"page","link":"https:\/\/www.ka-manao.re\/index.php\/privacy-policy\/","title":{"rendered":"Politique de confidentialit\u00e9"},"content":{"rendered":"[et_pb_section fb_built=\u00a0\u00bb1&Prime; _builder_version=\u00a0\u00bb4.6.1&Prime; _module_preset=\u00a0\u00bbdefault\u00a0\u00bb][et_pb_row _builder_version=\u00a0\u00bb4.6.1&Prime; _module_preset=\u00a0\u00bbdefault\u00a0\u00bb][et_pb_column type=\u00a0\u00bb4_4&Prime; _builder_version=\u00a0\u00bb4.6.1&Prime; _module_preset=\u00a0\u00bbdefault\u00a0\u00bb][et_pb_text admin_label=\u00a0\u00bbTexte\u00a0\u00bb _builder_version=\u00a0\u00bb4.6.1&Prime; _module_preset=\u00a0\u00bbdefault\u00a0\u00bb]<p><\/p>\n<p>&nbsp;<\/p>\n<h1><span style=\"color: #000000;\">\u00a0Politique de Confidentialit\u00e9<\/span><\/h1>\n<p>&nbsp;<\/p>\n<p><span style=\"color: #000000;\"> <\/span><\/p>\n<p>&nbsp;<\/p>\n<p><span style=\"color: #000000;\"><strong>1. Introduction<\/strong><\/span><\/p>\n<p>&nbsp;<\/p>\n<p><span style=\"color: #000000;\"> <\/span><\/p>\n<p>&nbsp;<\/p>\n<p><span style=\"color: #000000;\">Bienvenue sur le site de massage Ka-Manao, g\u00e9r\u00e9 par Jonathan FOUQUE, E.I., domicili\u00e9 au 21 avenue des artisans 97436 Saint Leu, La R\u00e9union. Cette politique de confidentialit\u00e9 a pour objectif de vous informer sur les donn\u00e9es que nous recueillons, comment nous les utilisons et vos droits en relation avec vos donn\u00e9es.<\/span><\/p>\n<p>&nbsp;<\/p>\n<p><span style=\"color: #000000;\"> <\/span><\/p>\n<p>&nbsp;<\/p>\n<p><span style=\"color: #000000;\"><strong>2. Donn\u00e9es recueillies<\/strong><\/span><\/p>\n<p>&nbsp;<\/p>\n<p><span style=\"color: #000000;\"> <\/span><\/p>\n<p>&nbsp;<\/p>\n<p><span style=\"color: #000000;\">Le seul type de donn\u00e9es recueilli sur ce site concerne les cookies natifs de WordPress, qui sont utilis\u00e9s pour assurer le bon fonctionnement du site. Nous ne recueillons pas de donn\u00e9es personnelles par le biais du site.<\/span><\/p>\n<p>&nbsp;<\/p>\n<p><span style=\"color: #000000;\"> <\/span><\/p>\n<p>&nbsp;<\/p>\n<p><span style=\"color: #000000;\"><strong>3. Utilisation des donn\u00e9es<\/strong><\/span><\/p>\n<p>&nbsp;<\/p>\n<p><span style=\"color: #000000;\"> <\/span><\/p>\n<p>&nbsp;<\/p>\n<p><span style=\"color: #000000;\">Les cookies sont utilis\u00e9s exclusivement pour assurer le bon fonctionnement du site. Nous ne les utilisons pas \u00e0 des fins marketing et ne partageons pas ces donn\u00e9es avec des tiers.<\/span><\/p>\n<p>&nbsp;<\/p>\n<p><span style=\"color: #000000;\"> <\/span><\/p>\n<p>&nbsp;<\/p>\n<p><span style=\"color: #000000;\"><strong>4. H\u00e9bergement<\/strong><\/span><\/p>\n<p>&nbsp;<\/p>\n<p><span style=\"color: #000000;\"> <\/span><\/p>\n<p>&nbsp;<\/p>\n<p><span style=\"color: #000000;\">Le site est h\u00e9berg\u00e9 par OVHcloud, 2 rue Kellermann &#8211; 59100 Roubaix &#8211; France. Bien que nous ne recueillions pas de donn\u00e9es sensibles, nous tenons \u00e0 souligner que Digital Ocean poss\u00e8de des mesures de s\u00e9curit\u00e9 robustes pour prot\u00e9ger toutes les donn\u00e9es h\u00e9berg\u00e9es.<\/span><\/p>\n<p>&nbsp;<\/p>\n<p><span style=\"color: #000000;\"> <\/span><\/p>\n<p>&nbsp;<\/p>\n<p><span style=\"color: #000000;\"><strong>5. Vos droits<\/strong><\/span><\/p>\n<p>&nbsp;<\/p>\n<p><span style=\"color: #000000;\"> <\/span><\/p>\n<p>&nbsp;<\/p>\n<p><span style=\"color: #000000;\">Conform\u00e9ment au R\u00e8glement g\u00e9n\u00e9ral sur la protection des donn\u00e9es (RGPD), vous avez le droit de demander l&rsquo;acc\u00e8s \u00e0 vos donn\u00e9es, la rectification ou l&rsquo;effacement de celles-ci, ou encore la limitation du traitement. Si vous souhaitez exercer ces droits ou si vous avez des questions sur cette politique, veuillez nous contacter \u00e0 l&rsquo;adresse e-mail ou au num\u00e9ro de t\u00e9l\u00e9phone fourni sur notre site.<\/span><\/p>\n<p>&nbsp;<\/p>\n<p><span style=\"color: #000000;\"> <\/span><\/p>\n<p>&nbsp;<\/p>\n<p><span style=\"color: #000000;\"><strong>6. Modifications<\/strong><\/span><\/p>\n<p>&nbsp;<\/p>\n<p><span style=\"color: #000000;\"> <\/span><\/p>\n<p>&nbsp;<\/p>\n<p><span style=\"color: #000000;\">Nous nous r\u00e9servons le droit de modifier cette politique de confidentialit\u00e9 \u00e0 tout moment. Les modifications seront publi\u00e9es sur cette page avec la date de la derni\u00e8re mise \u00e0 jour. Il est recommand\u00e9 de consulter r\u00e9guli\u00e8rement cette page pour rester inform\u00e9.<\/span><\/p>\n<p>&nbsp;<\/p>\n<p><span style=\"color: #000000;\"><\/span><\/p>\n<p>&nbsp;<\/p>[\/et_pb_text][\/et_pb_column][\/et_pb_row][\/et_pb_section]","protected":false},"excerpt":{"rendered":"<p>&nbsp; \u00a0Politique de Confidentialit\u00e9 &nbsp; &nbsp; 1. Introduction &nbsp; &nbsp; Bienvenue sur le site de massage Ka-Manao, g\u00e9r\u00e9 par Jonathan FOUQUE, E.I., domicili\u00e9 au 21 avenue des artisans 97436 Saint Leu, La R\u00e9union. Cette politique de confidentialit\u00e9 a pour objectif de vous informer sur les donn\u00e9es que nous recueillons, comment nous les utilisons et vos [&hellip;]<\/p>\n","protected":false},"author":2,"featured_media":0,"parent":0,"menu_order":0,"comment_status":"closed","ping_status":"closed","template":"","meta":{"_et_pb_use_builder":"on","_et_pb_old_content":"<!-- wp:heading -->\r\n<h2 class=\"wp-block-heading\">Politique de confidentialit\u00e9<\/h2>\r\n<!-- \/wp:heading -->\r\n\r\n<!-- wp:paragraph -->\r\n<p>Date de derni\u00e8re mise \u00e0 jour : 19 septembre 2023<\/p>\r\n<!-- \/wp:paragraph -->\r\n\r\n<!-- wp:paragraph -->\r\n<p><strong>1. Introduction<\/strong><\/p>\r\n<!-- \/wp:paragraph -->\r\n\r\n<!-- wp:paragraph -->\r\n<p>Bienvenue sur le site de massage Ho-Omaha, g\u00e9r\u00e9 par Jonathan FOUQUE, E.I., domicili\u00e9 \u00e0 l'Etang Sal\u00e9, La R\u00e9union. Cette politique de confidentialit\u00e9 a pour objectif de vous informer sur les donn\u00e9es que nous recueillons, comment nous les utilisons et vos droits en relation avec vos donn\u00e9es.<\/p>\r\n<!-- \/wp:paragraph -->\r\n\r\n<!-- wp:paragraph -->\r\n<p><strong>2. Donn\u00e9es recueillies<\/strong><\/p>\r\n<!-- \/wp:paragraph -->\r\n\r\n<!-- wp:paragraph -->\r\n<p>Le seul type de donn\u00e9es recueilli sur ce site concerne les cookies natifs de WordPress, qui sont utilis\u00e9s pour assurer le bon fonctionnement du site. Nous ne recueillons pas de donn\u00e9es personnelles par le biais du site.<\/p>\r\n<!-- \/wp:paragraph -->\r\n\r\n<!-- wp:paragraph -->\r\n<p><strong>3. Utilisation des donn\u00e9es<\/strong><\/p>\r\n<!-- \/wp:paragraph -->\r\n\r\n<!-- wp:paragraph -->\r\n<p>Les cookies sont utilis\u00e9s exclusivement pour assurer le bon fonctionnement du site. Nous ne les utilisons pas \u00e0 des fins marketing et ne partageons pas ces donn\u00e9es avec des tiers.<\/p>\r\n<!-- \/wp:paragraph -->\r\n\r\n<!-- wp:paragraph -->\r\n<p><strong>4. H\u00e9bergement<\/strong><\/p>\r\n<!-- \/wp:paragraph -->\r\n\r\n<!-- wp:paragraph -->\r\n<p>Le site est h\u00e9berg\u00e9 par Digital Ocean, 101 6th Ave New York, NY 10013. Bien que nous ne recueillions pas de donn\u00e9es sensibles, nous tenons \u00e0 souligner que Digital Ocean poss\u00e8de des mesures de s\u00e9curit\u00e9 robustes pour prot\u00e9ger toutes les donn\u00e9es h\u00e9berg\u00e9es.<\/p>\r\n<!-- \/wp:paragraph -->\r\n\r\n<!-- wp:paragraph -->\r\n<p><strong>5. Vos droits<\/strong><\/p>\r\n<!-- \/wp:paragraph -->\r\n\r\n<!-- wp:paragraph -->\r\n<p>Conform\u00e9ment au R\u00e8glement g\u00e9n\u00e9ral sur la protection des donn\u00e9es (RGPD), vous avez le droit de demander l'acc\u00e8s \u00e0 vos donn\u00e9es, la rectification ou l'effacement de celles-ci, ou encore la limitation du traitement. Si vous souhaitez exercer ces droits ou si vous avez des questions sur cette politique, veuillez nous contacter \u00e0 l'adresse e-mail ou au num\u00e9ro de t\u00e9l\u00e9phone fourni sur notre site.<\/p>\r\n<!-- \/wp:paragraph -->\r\n\r\n<!-- wp:paragraph -->\r\n<p><strong>6. Modifications<\/strong><\/p>\r\n<!-- \/wp:paragraph -->\r\n\r\n<!-- wp:paragraph -->\r\n<p>Nous nous r\u00e9servons le droit de modifier cette politique de confidentialit\u00e9 \u00e0 tout moment. Les modifications seront publi\u00e9es sur cette page avec la date de la derni\u00e8re mise \u00e0 jour. Il est recommand\u00e9 de consulter r\u00e9guli\u00e8rement cette page pour rester inform\u00e9.<\/p>\r\n<!-- \/wp:paragraph -->","_et_gb_content_width":"","footnotes":""},"class_list":["post-3","page","type-page","status-publish","hentry"],"yoast_head":"<!-- This site is optimized with the Yoast SEO plugin v27.3 - https:\/\/yoast.com\/product\/yoast-seo-wordpress\/ -->\n<title>Politique de confidentialit\u00e9 - Ka Mana&#039;o<\/title>\n<meta name=\"robots\" content=\"index, follow, max-snippet:-1, max-image-preview:large, max-video-preview:-1\" \/>\n<link rel=\"canonical\" href=\"https:\/\/www.ka-manao.re\/index.php\/privacy-policy\/\" \/>\n<meta property=\"og:locale\" content=\"fr_FR\" \/>\n<meta property=\"og:type\" content=\"article\" \/>\n<meta property=\"og:title\" content=\"Politique de confidentialit\u00e9 - Ka Mana&#039;o\" \/>\n<meta property=\"og:description\" content=\"&nbsp; \u00a0Politique de Confidentialit\u00e9 &nbsp; &nbsp; 1. Introduction &nbsp; &nbsp; Bienvenue sur le site de massage Ka-Manao, g\u00e9r\u00e9 par Jonathan FOUQUE, E.I., domicili\u00e9 au 21 avenue des artisans 97436 Saint Leu, La R\u00e9union. Cette politique de confidentialit\u00e9 a pour objectif de vous informer sur les donn\u00e9es que nous recueillons, comment nous les utilisons et vos [&hellip;]\" \/>\n<meta property=\"og:url\" content=\"https:\/\/www.ka-manao.re\/index.php\/privacy-policy\/\" \/>\n<meta property=\"og:site_name\" content=\"Ka Mana&#039;o\" \/>\n<meta property=\"article:publisher\" content=\"https:\/\/www.facebook.com\/profile.php?id=100065099906641\" \/>\n<meta property=\"article:modified_time\" content=\"2025-10-23T15:24:53+00:00\" \/>\n<meta property=\"og:image\" content=\"https:\/\/www.ka-manao.re\/wp-content\/uploads\/2023\/08\/logo.png\" \/>\n\t<meta property=\"og:image:width\" content=\"1080\" \/>\n\t<meta property=\"og:image:height\" content=\"1082\" \/>\n\t<meta property=\"og:image:type\" content=\"image\/png\" \/>\n<meta name=\"twitter:card\" content=\"summary_large_image\" \/>\n<meta name=\"twitter:label1\" content=\"Dur\u00e9e de lecture estim\u00e9e\" \/>\n\t<meta name=\"twitter:data1\" content=\"2 minutes\" \/>\n<script type=\"application\/ld+json\" class=\"yoast-schema-graph\">{\"@context\":\"https:\\\/\\\/schema.org\",\"@graph\":[{\"@type\":\"WebPage\",\"@id\":\"https:\\\/\\\/www.ka-manao.re\\\/index.php\\\/privacy-policy\\\/\",\"url\":\"https:\\\/\\\/www.ka-manao.re\\\/index.php\\\/privacy-policy\\\/\",\"name\":\"Politique de confidentialit\u00e9 - Ka Mana&#039;o\",\"isPartOf\":{\"@id\":\"https:\\\/\\\/www.ka-manao.re\\\/#website\"},\"datePublished\":\"2023-08-24T20:40:29+00:00\",\"dateModified\":\"2025-10-23T15:24:53+00:00\",\"breadcrumb\":{\"@id\":\"https:\\\/\\\/www.ka-manao.re\\\/index.php\\\/privacy-policy\\\/#breadcrumb\"},\"inLanguage\":\"fr-FR\",\"potentialAction\":[{\"@type\":\"ReadAction\",\"target\":[\"https:\\\/\\\/www.ka-manao.re\\\/index.php\\\/privacy-policy\\\/\"]}]},{\"@type\":\"BreadcrumbList\",\"@id\":\"https:\\\/\\\/www.ka-manao.re\\\/index.php\\\/privacy-policy\\\/#breadcrumb\",\"itemListElement\":[{\"@type\":\"ListItem\",\"position\":1,\"name\":\"Accueil\",\"item\":\"https:\\\/\\\/www.ka-manao.re\\\/\"},{\"@type\":\"ListItem\",\"position\":2,\"name\":\"Politique de confidentialit\u00e9\"}]},{\"@type\":\"WebSite\",\"@id\":\"https:\\\/\\\/www.ka-manao.re\\\/#website\",\"url\":\"https:\\\/\\\/www.ka-manao.re\\\/\",\"name\":\"Ka Mana&#039;o\",\"description\":\"votre \u00e9vasion vers le bien-\u00eatre ultime\",\"publisher\":{\"@id\":\"https:\\\/\\\/www.ka-manao.re\\\/#organization\"},\"potentialAction\":[{\"@type\":\"SearchAction\",\"target\":{\"@type\":\"EntryPoint\",\"urlTemplate\":\"https:\\\/\\\/www.ka-manao.re\\\/?s={search_term_string}\"},\"query-input\":{\"@type\":\"PropertyValueSpecification\",\"valueRequired\":true,\"valueName\":\"search_term_string\"}}],\"inLanguage\":\"fr-FR\"},{\"@type\":\"Organization\",\"@id\":\"https:\\\/\\\/www.ka-manao.re\\\/#organization\",\"name\":\"Ka Mana&#039;o\",\"url\":\"https:\\\/\\\/www.ka-manao.re\\\/\",\"logo\":{\"@type\":\"ImageObject\",\"inLanguage\":\"fr-FR\",\"@id\":\"https:\\\/\\\/www.ka-manao.re\\\/#\\\/schema\\\/logo\\\/image\\\/\",\"url\":\"https:\\\/\\\/www.ka-manao.re\\\/wp-content\\\/uploads\\\/2023\\\/08\\\/logo.png\",\"contentUrl\":\"https:\\\/\\\/www.ka-manao.re\\\/wp-content\\\/uploads\\\/2023\\\/08\\\/logo.png\",\"width\":1080,\"height\":1082,\"caption\":\"Ka Mana&#039;o\"},\"image\":{\"@id\":\"https:\\\/\\\/www.ka-manao.re\\\/#\\\/schema\\\/logo\\\/image\\\/\"},\"sameAs\":[\"https:\\\/\\\/www.facebook.com\\\/profile.php?id=100065099906641\"]}]}<\/script>\n<!-- \/ Yoast SEO plugin. -->","yoast_head_json":{"title":"Politique de confidentialit\u00e9 - Ka Mana&#039;o","robots":{"index":"index","follow":"follow","max-snippet":"max-snippet:-1","max-image-preview":"max-image-preview:large","max-video-preview":"max-video-preview:-1"},"canonical":"https:\/\/www.ka-manao.re\/index.php\/privacy-policy\/","og_locale":"fr_FR","og_type":"article","og_title":"Politique de confidentialit\u00e9 - Ka Mana&#039;o","og_description":"&nbsp; \u00a0Politique de Confidentialit\u00e9 &nbsp; &nbsp; 1. Introduction &nbsp; &nbsp; Bienvenue sur le site de massage Ka-Manao, g\u00e9r\u00e9 par Jonathan FOUQUE, E.I., domicili\u00e9 au 21 avenue des artisans 97436 Saint Leu, La R\u00e9union. Cette politique de confidentialit\u00e9 a pour objectif de vous informer sur les donn\u00e9es que nous recueillons, comment nous les utilisons et vos [&hellip;]","og_url":"https:\/\/www.ka-manao.re\/index.php\/privacy-policy\/","og_site_name":"Ka Mana&#039;o","article_publisher":"https:\/\/www.facebook.com\/profile.php?id=100065099906641","article_modified_time":"2025-10-23T15:24:53+00:00","og_image":[{"width":1080,"height":1082,"url":"https:\/\/www.ka-manao.re\/wp-content\/uploads\/2023\/08\/logo.png","type":"image\/png"}],"twitter_card":"summary_large_image","twitter_misc":{"Dur\u00e9e de lecture estim\u00e9e":"2 minutes"},"schema":{"@context":"https:\/\/schema.org","@graph":[{"@type":"WebPage","@id":"https:\/\/www.ka-manao.re\/index.php\/privacy-policy\/","url":"https:\/\/www.ka-manao.re\/index.php\/privacy-policy\/","name":"Politique de confidentialit\u00e9 - Ka Mana&#039;o","isPartOf":{"@id":"https:\/\/www.ka-manao.re\/#website"},"datePublished":"2023-08-24T20:40:29+00:00","dateModified":"2025-10-23T15:24:53+00:00","breadcrumb":{"@id":"https:\/\/www.ka-manao.re\/index.php\/privacy-policy\/#breadcrumb"},"inLanguage":"fr-FR","potentialAction":[{"@type":"ReadAction","target":["https:\/\/www.ka-manao.re\/index.php\/privacy-policy\/"]}]},{"@type":"BreadcrumbList","@id":"https:\/\/www.ka-manao.re\/index.php\/privacy-policy\/#breadcrumb","itemListElement":[{"@type":"ListItem","position":1,"name":"Accueil","item":"https:\/\/www.ka-manao.re\/"},{"@type":"ListItem","position":2,"name":"Politique de confidentialit\u00e9"}]},{"@type":"WebSite","@id":"https:\/\/www.ka-manao.re\/#website","url":"https:\/\/www.ka-manao.re\/","name":"Ka Mana&#039;o","description":"votre \u00e9vasion vers le bien-\u00eatre ultime","publisher":{"@id":"https:\/\/www.ka-manao.re\/#organization"},"potentialAction":[{"@type":"SearchAction","target":{"@type":"EntryPoint","urlTemplate":"https:\/\/www.ka-manao.re\/?s={search_term_string}"},"query-input":{"@type":"PropertyValueSpecification","valueRequired":true,"valueName":"search_term_string"}}],"inLanguage":"fr-FR"},{"@type":"Organization","@id":"https:\/\/www.ka-manao.re\/#organization","name":"Ka Mana&#039;o","url":"https:\/\/www.ka-manao.re\/","logo":{"@type":"ImageObject","inLanguage":"fr-FR","@id":"https:\/\/www.ka-manao.re\/#\/schema\/logo\/image\/","url":"https:\/\/www.ka-manao.re\/wp-content\/uploads\/2023\/08\/logo.png","contentUrl":"https:\/\/www.ka-manao.re\/wp-content\/uploads\/2023\/08\/logo.png","width":1080,"height":1082,"caption":"Ka Mana&#039;o"},"image":{"@id":"https:\/\/www.ka-manao.re\/#\/schema\/logo\/image\/"},"sameAs":["https:\/\/www.facebook.com\/profile.php?id=100065099906641"]}]}},"_links":{"self":[{"href":"https:\/\/www.ka-manao.re\/index.php\/wp-json\/wp\/v2\/pages\/3","targetHints":{"allow":["GET"]}}],"collection":[{"href":"https:\/\/www.ka-manao.re\/index.php\/wp-json\/wp\/v2\/pages"}],"about":[{"href":"https:\/\/www.ka-manao.re\/index.php\/wp-json\/wp\/v2\/types\/page"}],"author":[{"embeddable":true,"href":"https:\/\/www.ka-manao.re\/index.php\/wp-json\/wp\/v2\/users\/2"}],"replies":[{"embeddable":true,"href":"https:\/\/www.ka-manao.re\/index.php\/wp-json\/wp\/v2\/comments?post=3"}],"version-history":[{"count":6,"href":"https:\/\/www.ka-manao.re\/index.php\/wp-json\/wp\/v2\/pages\/3\/revisions"}],"predecessor-version":[{"id":300,"href":"https:\/\/www.ka-manao.re\/index.php\/wp-json\/wp\/v2\/pages\/3\/revisions\/300"}],"wp:attachment":[{"href":"https:\/\/www.ka-manao.re\/index.php\/wp-json\/wp\/v2\/media?parent=3"}],"curies":[{"name":"wp","href":"https:\/\/api.w.org\/{rel}","templated":true}]}}